{"id":1471,"date":"2022-02-05T12:53:27","date_gmt":"2022-02-05T11:53:27","guid":{"rendered":"http:\/\/frechen46.de\/?page_id=1471"},"modified":"2022-02-05T12:54:20","modified_gmt":"2022-02-05T11:54:20","slug":"saison-2021-2022","status":"publish","type":"page","link":"http:\/\/frechen46.de\/?page_id=1471","title":{"rendered":"Saison 2021\/2022"},"content":{"rendered":"\n<table id=\"tablepress-23\" class=\"tablepress tablepress-id-23\">\n<thead>\n<tr class=\"row-1 odd\">\n\t<th class=\"column-1\">Datum<\/th><th class=\"column-2\">Spielbericht<\/th>\n<\/tr>\n<\/thead>\n<tbody class=\"row-hover\">\n<tr class=\"row-2 even\">\n\t<td class=\"column-1\">06.03.2022<\/td><td class=\"column-2\">SG 46 Frechen \u2013 SV Blatzheim 4:2 (3:1) <br \/>\n<br \/>\nSonntag, 06.03.2022<br \/>\n<br \/>\nP. Lauff-R.Gillet, T.Pilewski, D.Becker, M.Hannes-Pagliaroli-M.Kilic, B.Seng\u00fcl (M.Gkionis), P.Pilewski (R.Firat), P.Balistreri (N.Pagliaroli)-U.Bagatur (J.Pilewski)<br \/>\n<br \/>\nTore:<br \/>\n0:1   1. Minute<br \/>\n1:1 13. Minute U.Bagatur (M.Kilic)<br \/>\n2:1 26. Minute T.Pilewski (G.Tok)<br \/>\n3:1 27. Minute P.Pilewski (B.Seng\u00fcl)<br \/>\n3:2 85. Minute<br \/>\n4:2 89. Minute M.Hannes-Pagliaroli (D.Becker)<br \/>\n<br \/>\nZum R\u00fcckrundenauftakt traf die SG 46 Frechen mit dem SV Blatzheim auf eines der Spitzenteams der Staffel. Nach einer ansprechenden Vorbereitung hatte sich die neu formierte 46er-Elf einiges vorgenommen, um die erschreckend schwache Hinrunde vergessen machen zulassen. Doch bereits in der ersten Spielminute musste die SG einen R\u00fcckschlag hinnehmen: Mit dem ersten Angriff gelang den G\u00e4sten aus Blatzheim die F\u00fchrung, nachdem die 46er-Defensive bei einem langen Zuspiel der G\u00e4ste unorganisiert agierte, sodass ein Blatzheimer St\u00fcrmer freistehend vor dem SG-Tor auftauchen konnte und zum 0:1 traf. In der Folge versuchte die 46er-Elf Ruhe ins Spiel zu bekommen, was nach und nach auch gelang. Die erste Torgelegenheit f\u00fcr die SG vergab in der zehnten Spielminute noch G\u00f6khan Tok, der bei seinem Abschluss aus gut 16 Metern ausrutschte und keinen kontrollierten Torschuss abgeben konnte. Doch bereits drei Minuten sp\u00e4ter war es dann Ugur Bagatur, der sich nach Zuspiel von Mahir Kilic gut im gegnerischen Strafraum durchsetze und zum 1:1-Ausgleich traf. Die 46er-Elf bestimmte jetzt das Spiel, vergab allerdings einige gute Gelegenheiten zur F\u00fchrung. In der 26. Spielminute war es dann Tom Pilewski, der nach einem Ecksto\u00df von G\u00f6khan Tok die Verwirrung in der Blatzheimer Defensive ausnutze und aus kurzer Entfernung zum 2:1 traf. Und schon eine Minute sp\u00e4ter war es Paul Pilewski, der nach guter Vorarbeit von Baris Seng\u00fcl auf 3:1 erh\u00f6hte. Die SG war nun spielbestimmend, verpasste es aber bei einigen guten Umschaltmomenten das wohl vorentscheidende 4:1 nachzulegen. In der zweiten Halbzeit hatte die 46er-Elf dann bereits in der 46. Spielminute eine weitere erstklassige Torchance, doch Piero Balistreri traf mit seinem Abschluss leider nur die Latte des gegnerischen Tores.<br \/>\nIn der Folge entwickelte sich ein offener Schlagabtausch, wobei die G\u00e4ste aus Blatzheim mit zunehmender Spielzeit bestimmender wurden. Insbesondere nach dem verletzungsbedingten Ausfall von SG-Spielmacher Paul Pilewski, der nach einem sehr heftigen Foulspiel mit Verdacht auf mehrfachen Fu\u00dfbruch ausgewechselt werden musste, beschr\u00e4nkten sich die Offensivbem\u00fchungen der 46er-Elf nun vermehrt auf Konterspielz\u00fcge. Leider verpasste es die SG hier bei einigen guten M\u00f6glichkeiten, das 4:1 nachzulegen. In der Defensive stand die 46er-Elf aber sehr konzentriert, lies \u00e4u\u00dferst wenig zu und zeigte eine k\u00e4mpferisch sehr ansprechende Leistung. Trotzdem gelang den G\u00e4sten aus Blatzheim etwas \u00fcberraschend in der 85. Spielminute der Anschlusstreffer zum 3:2, doch davon lies sich die SG kaum beeindrucken. In der 89. Spielminute war es Marcel Hannes-Pagliaroli, der nach sch\u00f6nem Zuspiel von Daniel Becker, mit einer tollen Einzelleistung das 4:2 markierte. Nach einer sechsmin\u00fctigen Nachspielzeit war es dann geschafft, die 46er-Elf hatte mit einer spielerisch und k\u00e4mpferisch ansprechenden Leistung endlich den ersten Saisonsieg eingefahren, der jedoch leider- wie schon erw\u00e4hnt \u2013 von der schweren Verletzung von Paul Pilewski getr\u00fcbt ist. <\/td>\n<\/tr>\n<tr class=\"row-3 odd\">\n\t<td class=\"column-1\"><\/td><td class=\"column-2\"><\/td>\n<\/tr>\n<tr class=\"row-4 even\">\n\t<td class=\"column-1\"><\/td><td class=\"column-2\"><\/td>\n<\/tr>\n<tr class=\"row-5 odd\">\n\t<td class=\"column-1\"><\/td><td class=\"column-2\"><\/td>\n<\/tr>\n<\/tbody>\n<\/table>\n\n","protected":false},"excerpt":{"rendered":"","protected":false},"author":1,"featured_media":0,"parent":457,"menu_order":0,"comment_status":"closed","ping_status":"closed","template":"","meta":[],"_links":{"self":[{"href":"http:\/\/frechen46.de\/index.php?rest_route=\/wp\/v2\/pages\/1471"}],"collection":[{"href":"http:\/\/frechen46.de\/index.php?rest_route=\/wp\/v2\/pages"}],"about":[{"href":"http:\/\/frechen46.de\/index.php?rest_route=\/wp\/v2\/types\/page"}],"author":[{"embeddable":true,"href":"http:\/\/frechen46.de\/index.php?rest_route=\/wp\/v2\/users\/1"}],"replies":[{"embeddable":true,"href":"http:\/\/frechen46.de\/index.php?rest_route=%2Fwp%2Fv2%2Fcomments&post=1471"}],"version-history":[{"count":2,"href":"http:\/\/frechen46.de\/index.php?rest_route=\/wp\/v2\/pages\/1471\/revisions"}],"predecessor-version":[{"id":1473,"href":"http:\/\/frechen46.de\/index.php?rest_route=\/wp\/v2\/pages\/1471\/revisions\/1473"}],"up":[{"embeddable":true,"href":"http:\/\/frechen46.de\/index.php?rest_route=\/wp\/v2\/pages\/457"}],"wp:attachment":[{"href":"http:\/\/frechen46.de\/index.php?rest_route=%2Fwp%2Fv2%2Fmedia&parent=1471"}],"curies":[{"name":"wp","href":"https:\/\/api.w.org\/{rel}","templated":true}]}}